{"id":31,"date":"2023-05-20T10:27:43","date_gmt":"2023-05-20T10:27:43","guid":{"rendered":"https:\/\/maaster.de\/?page_id=31"},"modified":"2023-05-20T14:26:26","modified_gmt":"2023-05-20T14:26:26","slug":"zim","status":"publish","type":"page","link":"https:\/\/maaster.de\/?page_id=31","title":{"rendered":"ZIM"},"content":{"rendered":"\n<p>Das Zentrale Innovationsprogramm Mittelstand, kurz ZIM, ist ein herausragendes F\u00f6rderprogramm f\u00fcr Unternehmen, die ihre Innovationskraft st\u00e4rken und neue Produkte oder Dienstleistungen entwickeln m\u00f6chten. Als Experten f\u00fcr das ZIM-Programm unterst\u00fctzen wir Unternehmen dabei, von den vielf\u00e4ltigen F\u00f6rderm\u00f6glichkeiten zu profitieren und ihre Innovationsprojekte erfolgreich umzusetzen.<br><br>Unser Beratungsteam verf\u00fcgt \u00fcber umfassende Kenntnisse und langj\u00e4hrige Erfahrung in der Beratung von Unternehmen im Rahmen des ZIM-Programms. Wir sind mit den spezifischen Anforderungen und Voraussetzungen vertraut und unterst\u00fctzen Unternehmen dabei, die bestm\u00f6glichen F\u00f6rdermittel f\u00fcr ihre Innovationsprojekte zu erhalten. Unsere Expertise erstreckt sich \u00fcber verschiedene Branchen und Technologiebereiche.<\/p>\n\n\n\n<p><a href=\"https:\/\/maaster.de\/?page_id=152\" data-type=\"URL\" data-id=\"https:\/\/maaster.de\/?page_id=152\">Kontaktieren sie uns noch heute!<\/a><\/p>\n","protected":false},"excerpt":{"rendered":"<p>Das Zentrale Innovationsprogramm Mittelstand, kurz ZIM, ist ein herausragendes F\u00f6rderprogramm f\u00fcr Unternehmen, die ihre Innovationskraft st\u00e4rken und neue Produkte oder Dienstleistungen entwickeln [&hellip;]<\/p>\n","protected":false},"author":1,"featured_media":0,"parent":0,"menu_order":0,"comment_status":"closed","ping_status":"closed","template":"","meta":{"footnotes":""},"class_list":["post-31","page","type-page","status-publish","hentry"],"_links":{"self":[{"href":"https:\/\/maaster.de\/index.php?rest_route=\/wp\/v2\/pages\/31","targetHints":{"allow":["GET"]}}],"collection":[{"href":"https:\/\/maaster.de\/index.php?rest_route=\/wp\/v2\/pages"}],"about":[{"href":"https:\/\/maaster.de\/index.php?rest_route=\/wp\/v2\/types\/page"}],"author":[{"embeddable":true,"href":"https:\/\/maaster.de\/index.php?rest_route=\/wp\/v2\/users\/1"}],"replies":[{"embeddable":true,"href":"https:\/\/maaster.de\/index.php?rest_route=%2Fwp%2Fv2%2Fcomments&post=31"}],"version-history":[{"count":4,"href":"https:\/\/maaster.de\/index.php?rest_route=\/wp\/v2\/pages\/31\/revisions"}],"predecessor-version":[{"id":160,"href":"https:\/\/maaster.de\/index.php?rest_route=\/wp\/v2\/pages\/31\/revisions\/160"}],"wp:attachment":[{"href":"https:\/\/maaster.de\/index.php?rest_route=%2Fwp%2Fv2%2Fmedia&parent=31"}],"curies":[{"name":"wp","href":"https:\/\/api.w.org\/{rel}","templated":true}]}}