{"id":28,"date":"2023-05-20T10:27:43","date_gmt":"2023-05-20T10:27:43","guid":{"rendered":"https:\/\/maaster.de\/?page_id=28"},"modified":"2023-05-20T14:28:30","modified_gmt":"2023-05-20T14:28:30","slug":"ceo-cfo-as-a-service","status":"publish","type":"page","link":"https:\/\/maaster.de\/?page_id=28","title":{"rendered":"CEO\/CFO as a service"},"content":{"rendered":"\n<p>Als Service bieten wir mittelst\u00e4ndischen Unternehmen und Start-ups die M\u00f6glichkeit, von erfahrenen F\u00fchrungskr\u00e4ften zu profitieren, ohne langfristige Anstellungen oder hohe Personalkosten eingehen zu m\u00fcssen.<\/p>\n\n\n\n<p>Unser Team besteht aus erfahrenen CEOs und CFOs mit umfangreichem Know-how in verschiedenen Branchen und Unternehmensgr\u00f6\u00dfen. Wir verf\u00fcgen \u00fcber langj\u00e4hrige Erfahrung in der Gesch\u00e4ftsf\u00fchrung und Finanzierung und sind mit den Herausforderungen und Anforderungen des modernen Unternehmensumfelds bestens vertraut.<\/p>\n\n\n\n<figure class=\"wp-block-image size-full is-resized\"><img loading=\"lazy\" decoding=\"async\" src=\"https:\/\/maaster.de\/wp-content\/uploads\/2023\/05\/istockphoto-628481614-170667a.jpg\" alt=\"\" class=\"wp-image-72\" width=\"789\" height=\"525\" srcset=\"https:\/\/maaster.de\/wp-content\/uploads\/2023\/05\/istockphoto-628481614-170667a.jpg 509w, https:\/\/maaster.de\/wp-content\/uploads\/2023\/05\/istockphoto-628481614-170667a-300x200.jpg 300w, https:\/\/maaster.de\/wp-content\/uploads\/2023\/05\/istockphoto-628481614-170667a-230x153.jpg 230w, https:\/\/maaster.de\/wp-content\/uploads\/2023\/05\/istockphoto-628481614-170667a-350x233.jpg 350w, https:\/\/maaster.de\/wp-content\/uploads\/2023\/05\/istockphoto-628481614-170667a-480x320.jpg 480w\" sizes=\"auto, (max-width: 789px) 100vw, 789px\" \/><\/figure>\n\n\n\n<p>Unsere Leistungen:<\/p>\n\n\n\n<ul class=\"wp-block-list\">\n<li>Interim Management: Wir stellen Ihnen erfahrene CEOs oder CFOs zur Verf\u00fcgung, die Ihre Gesch\u00e4ftsf\u00fchrung tempor\u00e4r \u00fcbernehmen. Ob es darum geht, eine \u00dcbergangsphase zu \u00fcberbr\u00fccken, eine Restrukturierung durchzuf\u00fchren oder ein spezifisches Projekt zu leiten, wir unterst\u00fctzen Sie mit unserer Expertise und Fachkenntnis.<\/li>\n\n\n\n<li>Strategische Planung: Unsere CEOs\/CFOs helfen Ihnen bei der Entwicklung und Umsetzung einer langfristigen Gesch\u00e4ftsstrategie. Wir analysieren Ihre Marktumgebung, identifizieren Chancen und Risiken und erarbeiten gemeinsam mit Ihnen ma\u00dfgeschneiderte Strategien, um Ihr Unternehmen voranzubringen und Ihre Ziele zu erreichen.<\/li>\n\n\n\n<li>Finanzmanagement: Unsere CEOs\/CFOs unterst\u00fctzen Sie bei allen finanziellen Aspekten Ihres Unternehmens. Wir \u00fcberwachen und optimieren Ihre Finanzprozesse, erstellen Budgets und Forecasts, f\u00fchren Finanzanalysen durch und helfen Ihnen dabei, die finanzielle Stabilit\u00e4t und Rentabilit\u00e4t Ihres Unternehmens zu gew\u00e4hrleisten.<\/li>\n\n\n\n<li>Unternehmensentwicklung: Unsere CEOs\/CFOs unterst\u00fctzen Sie bei der Identifizierung neuer Wachstumschancen und der Umsetzung von Expansionsstrategien. Wir unterst\u00fctzen Sie bei Fusionen und \u00dcbernahmen, bei der Erschlie\u00dfung neuer M\u00e4rkte und bei der Implementierung effektiver Organisationsstrukturen.<\/li>\n<\/ul>\n\n\n\n<p><a href=\"https:\/\/maaster.de\/?page_id=152\">Jederzeit kontaktierbar! <\/a><\/p>\n\n\n\n<p>Ich helfe sehr gern!<\/p>\n","protected":false},"excerpt":{"rendered":"<p>Als Service bieten wir mittelst\u00e4ndischen Unternehmen und Start-ups die M\u00f6glichkeit, von erfahrenen F\u00fchrungskr\u00e4ften zu profitieren, ohne langfristige Anstellungen oder hohe Personalkosten eingehen [&hellip;]<\/p>\n","protected":false},"author":1,"featured_media":0,"parent":0,"menu_order":0,"comment_status":"closed","ping_status":"closed","template":"","meta":{"footnotes":""},"class_list":["post-28","page","type-page","status-publish","hentry"],"_links":{"self":[{"href":"https:\/\/maaster.de\/index.php?rest_route=\/wp\/v2\/pages\/28","targetHints":{"allow":["GET"]}}],"collection":[{"href":"https:\/\/maaster.de\/index.php?rest_route=\/wp\/v2\/pages"}],"about":[{"href":"https:\/\/maaster.de\/index.php?rest_route=\/wp\/v2\/types\/page"}],"author":[{"embeddable":true,"href":"https:\/\/maaster.de\/index.php?rest_route=\/wp\/v2\/users\/1"}],"replies":[{"embeddable":true,"href":"https:\/\/maaster.de\/index.php?rest_route=%2Fwp%2Fv2%2Fcomments&post=28"}],"version-history":[{"count":7,"href":"https:\/\/maaster.de\/index.php?rest_route=\/wp\/v2\/pages\/28\/revisions"}],"predecessor-version":[{"id":164,"href":"https:\/\/maaster.de\/index.php?rest_route=\/wp\/v2\/pages\/28\/revisions\/164"}],"wp:attachment":[{"href":"https:\/\/maaster.de\/index.php?rest_route=%2Fwp%2Fv2%2Fmedia&parent=28"}],"curies":[{"name":"wp","href":"https:\/\/api.w.org\/{rel}","templated":true}]}}