{"id":208,"date":"2024-03-11T18:47:54","date_gmt":"2024-03-11T18:47:54","guid":{"rendered":"https:\/\/maaster.de\/?page_id=208"},"modified":"2024-03-11T18:47:54","modified_gmt":"2024-03-11T18:47:54","slug":"telemedizin","status":"publish","type":"page","link":"https:\/\/maaster.de\/?page_id=208","title":{"rendered":"Telemedizin"},"content":{"rendered":"\n<p><strong>Herzlich willkommen bei unserem Service f\u00fcr \u00f6ffentliche F\u00f6rdermittel im Bereich Telemedizin<\/strong>.<\/p>\n\n\n\n<p>Unsere Expertise im Bereich \u00f6ffentliche F\u00f6rdermittel erstreckt sich auch auf die aufstrebende und bedeutsame Sph\u00e4re der Telemedizin. Als spezialisierte Berater verstehen wir die einzigartigen Herausforderungen, mit denen Krankenh\u00e4user in Bezug auf Telemedizin konfrontiert sind, und bieten ma\u00dfgeschneiderte L\u00f6sungen, um Ihre Innovationsvorhaben voranzutreiben.<\/p>\n\n\n\n<figure class=\"wp-block-gallery has-nested-images columns-default is-cropped wp-block-gallery-1 is-layout-flex wp-block-gallery-is-layout-flex\">\n<figure class=\"wp-block-image size-large\"><img loading=\"lazy\" decoding=\"async\" width=\"1024\" height=\"683\" data-id=\"209\" src=\"https:\/\/maaster.de\/wp-content\/uploads\/2024\/03\/nahaufnahme-eines-geschaeftsmannes-der-einen-computer-benutzt-waehrend-er-einen-videoanruf-mit-seinem-arzt-aus-dem-buero-fuehrt-1024x683.jpg\" alt=\"\" class=\"wp-image-209\" srcset=\"https:\/\/maaster.de\/wp-content\/uploads\/2024\/03\/nahaufnahme-eines-geschaeftsmannes-der-einen-computer-benutzt-waehrend-er-einen-videoanruf-mit-seinem-arzt-aus-dem-buero-fuehrt-1024x683.jpg 1024w, https:\/\/maaster.de\/wp-content\/uploads\/2024\/03\/nahaufnahme-eines-geschaeftsmannes-der-einen-computer-benutzt-waehrend-er-einen-videoanruf-mit-seinem-arzt-aus-dem-buero-fuehrt-300x200.jpg 300w, https:\/\/maaster.de\/wp-content\/uploads\/2024\/03\/nahaufnahme-eines-geschaeftsmannes-der-einen-computer-benutzt-waehrend-er-einen-videoanruf-mit-seinem-arzt-aus-dem-buero-fuehrt-768x512.jpg 768w, https:\/\/maaster.de\/wp-content\/uploads\/2024\/03\/nahaufnahme-eines-geschaeftsmannes-der-einen-computer-benutzt-waehrend-er-einen-videoanruf-mit-seinem-arzt-aus-dem-buero-fuehrt-1536x1024.jpg 1536w, https:\/\/maaster.de\/wp-content\/uploads\/2024\/03\/nahaufnahme-eines-geschaeftsmannes-der-einen-computer-benutzt-waehrend-er-einen-videoanruf-mit-seinem-arzt-aus-dem-buero-fuehrt-2048x1365.jpg 2048w, https:\/\/maaster.de\/wp-content\/uploads\/2024\/03\/nahaufnahme-eines-geschaeftsmannes-der-einen-computer-benutzt-waehrend-er-einen-videoanruf-mit-seinem-arzt-aus-dem-buero-fuehrt-1000x667.jpg 1000w, https:\/\/maaster.de\/wp-content\/uploads\/2024\/03\/nahaufnahme-eines-geschaeftsmannes-der-einen-computer-benutzt-waehrend-er-einen-videoanruf-mit-seinem-arzt-aus-dem-buero-fuehrt-230x153.jpg 230w, https:\/\/maaster.de\/wp-content\/uploads\/2024\/03\/nahaufnahme-eines-geschaeftsmannes-der-einen-computer-benutzt-waehrend-er-einen-videoanruf-mit-seinem-arzt-aus-dem-buero-fuehrt-350x233.jpg 350w, https:\/\/maaster.de\/wp-content\/uploads\/2024\/03\/nahaufnahme-eines-geschaeftsmannes-der-einen-computer-benutzt-waehrend-er-einen-videoanruf-mit-seinem-arzt-aus-dem-buero-fuehrt-480x320.jpg 480w, https:\/\/maaster.de\/wp-content\/uploads\/2024\/03\/nahaufnahme-eines-geschaeftsmannes-der-einen-computer-benutzt-waehrend-er-einen-videoanruf-mit-seinem-arzt-aus-dem-buero-fuehrt-272x182.jpg 272w\" sizes=\"auto, (max-width: 1024px) 100vw, 1024px\" \/><figcaption class=\"wp-element-caption\">Close-up of businessman using computer while having video call with his doctor from the office.<\/figcaption><\/figure>\n<\/figure>\n\n\n\n<p>Unsere umfassenden Dienstleistungen f\u00fcr Krankenh\u00e4user im Bereich Telemedizin beinhalten:<\/p>\n\n\n\n<ol class=\"wp-block-list\">\n<li><strong>F\u00f6rdermittelanalyse und -identifikation<\/strong>: Wir analysieren sorgf\u00e4ltig Ihre telemedizinischen Projekte und identifizieren passende F\u00f6rderm\u00f6glichkeiten auf regionaler, nationaler und internationaler Ebene.<\/li>\n\n\n\n<li><strong>Antragsstellung und Projektmanagement<\/strong>: Von der Erstellung \u00fcberzeugender Antr\u00e4ge bis zur erfolgreichen Projektdurchf\u00fchrung unterst\u00fctzen wir Sie in allen Phasen des Prozesses.<\/li>\n\n\n\n<li><strong>Monitoring und Berichterstattung<\/strong>: Unser Team \u00fcberwacht kontinuierlich den Fortschritt Ihrer gef\u00f6rderten Telemedizinprojekte und gew\u00e4hrleistet die fristgerechte Erf\u00fcllung aller Berichtspflichten gegen\u00fcber den F\u00f6rdergebern.<\/li>\n\n\n\n<li><strong>Strategische Beratung und Unterst\u00fctzung<\/strong>: Wir bieten Ihnen strategische Beratung, um Ihre langfristigen Ziele im Bereich Telemedizin zu erreichen. Unsere Unterst\u00fctzung erstreckt sich \u00fcber die Entwicklung innovativer Telemedizinkonzepte bis hin zur Implementierung modernster Technologien.<\/li>\n<\/ol>\n\n\n\n<p>Unsere Mission ist es, Krankenh\u00e4user dabei zu unterst\u00fctzen, die Vorteile der Telemedizin voll auszusch\u00f6pfen und so die Versorgung Ihrer Patienten zu optimieren. Kontaktieren Sie uns noch heute, um mehr \u00fcber unsere Dienstleistungen zu erfahren und zu erfahren, wie wir Ihnen helfen k\u00f6nnen, \u00f6ffentliche F\u00f6rdermittel im Bereich Telemedizin erfolgreich zu nutzen.<\/p>\n","protected":false},"excerpt":{"rendered":"<p>Herzlich willkommen bei unserem Service f\u00fcr \u00f6ffentliche F\u00f6rdermittel im Bereich Telemedizin. Unsere Expertise im Bereich \u00f6ffentliche F\u00f6rdermittel erstreckt sich auch auf die [&hellip;]<\/p>\n","protected":false},"author":1,"featured_media":0,"parent":0,"menu_order":0,"comment_status":"closed","ping_status":"closed","template":"","meta":{"footnotes":""},"class_list":["post-208","page","type-page","status-publish","hentry"],"_links":{"self":[{"href":"https:\/\/maaster.de\/index.php?rest_route=\/wp\/v2\/pages\/208","targetHints":{"allow":["GET"]}}],"collection":[{"href":"https:\/\/maaster.de\/index.php?rest_route=\/wp\/v2\/pages"}],"about":[{"href":"https:\/\/maaster.de\/index.php?rest_route=\/wp\/v2\/types\/page"}],"author":[{"embeddable":true,"href":"https:\/\/maaster.de\/index.php?rest_route=\/wp\/v2\/users\/1"}],"replies":[{"embeddable":true,"href":"https:\/\/maaster.de\/index.php?rest_route=%2Fwp%2Fv2%2Fcomments&post=208"}],"version-history":[{"count":1,"href":"https:\/\/maaster.de\/index.php?rest_route=\/wp\/v2\/pages\/208\/revisions"}],"predecessor-version":[{"id":210,"href":"https:\/\/maaster.de\/index.php?rest_route=\/wp\/v2\/pages\/208\/revisions\/210"}],"wp:attachment":[{"href":"https:\/\/maaster.de\/index.php?rest_route=%2Fwp%2Fv2%2Fmedia&parent=208"}],"curies":[{"name":"wp","href":"https:\/\/api.w.org\/{rel}","templated":true}]}}