{"id":202,"date":"2024-03-11T18:42:58","date_gmt":"2024-03-11T18:42:58","guid":{"rendered":"https:\/\/maaster.de\/?page_id=202"},"modified":"2024-03-11T18:48:48","modified_gmt":"2024-03-11T18:48:48","slug":"krankenhaeuser","status":"publish","type":"page","link":"https:\/\/maaster.de\/?page_id=202","title":{"rendered":"Krankenh\u00e4user"},"content":{"rendered":"\n<p><strong>Willkommen bei unserem Service f\u00fcr \u00f6ffentliche F\u00f6rdermittel im Gesundheitswesen f\u00fcr Krankenh\u00e4user<\/strong>.<\/p>\n\n\n\n<p>Als Ihr Experte f\u00fcr \u00f6ffentliche F\u00f6rdermittel im Gesundheitssektor setzen wir uns daf\u00fcr ein, Krankenh\u00e4user dabei zu unterst\u00fctzen, ihre Mission zu erf\u00fcllen und Spitzenleistungen im Bereich der Patientenversorgung zu erzielen. Unser fundiertes Verst\u00e4ndnis f\u00fcr die einzigartigen Anforderungen von Krankenh\u00e4usern erm\u00f6glicht es uns, ma\u00dfgeschneiderte L\u00f6sungen zu entwickeln, die auf Ihre Bed\u00fcrfnisse zugeschnitten sind.<\/p>\n\n\n\n<figure class=\"wp-block-image size-large\"><img loading=\"lazy\" decoding=\"async\" width=\"1024\" height=\"683\" src=\"https:\/\/maaster.de\/wp-content\/uploads\/2024\/03\/team-young-specialist-doctors-standing-corridor-hospital-1024x683.jpg\" alt=\"\" class=\"wp-image-203\" srcset=\"https:\/\/maaster.de\/wp-content\/uploads\/2024\/03\/team-young-specialist-doctors-standing-corridor-hospital-1024x683.jpg 1024w, https:\/\/maaster.de\/wp-content\/uploads\/2024\/03\/team-young-specialist-doctors-standing-corridor-hospital-300x200.jpg 300w, https:\/\/maaster.de\/wp-content\/uploads\/2024\/03\/team-young-specialist-doctors-standing-corridor-hospital-768x512.jpg 768w, https:\/\/maaster.de\/wp-content\/uploads\/2024\/03\/team-young-specialist-doctors-standing-corridor-hospital-1536x1024.jpg 1536w, https:\/\/maaster.de\/wp-content\/uploads\/2024\/03\/team-young-specialist-doctors-standing-corridor-hospital-2048x1365.jpg 2048w, https:\/\/maaster.de\/wp-content\/uploads\/2024\/03\/team-young-specialist-doctors-standing-corridor-hospital-1000x667.jpg 1000w, https:\/\/maaster.de\/wp-content\/uploads\/2024\/03\/team-young-specialist-doctors-standing-corridor-hospital-230x153.jpg 230w, https:\/\/maaster.de\/wp-content\/uploads\/2024\/03\/team-young-specialist-doctors-standing-corridor-hospital-350x233.jpg 350w, https:\/\/maaster.de\/wp-content\/uploads\/2024\/03\/team-young-specialist-doctors-standing-corridor-hospital-480x320.jpg 480w, https:\/\/maaster.de\/wp-content\/uploads\/2024\/03\/team-young-specialist-doctors-standing-corridor-hospital-272x182.jpg 272w\" sizes=\"auto, (max-width: 1024px) 100vw, 1024px\" \/><\/figure>\n\n\n\n<p>Unsere Dienstleistungen im Bereich \u00f6ffentliche F\u00f6rdermittel f\u00fcr Krankenh\u00e4user umfassen:<\/p>\n\n\n\n<ol class=\"wp-block-list\">\n<li><strong>F\u00f6rdermittelanalyse und -identifikation<\/strong>: Wir f\u00fchren eine gr\u00fcndliche Analyse Ihrer Struktur und Ziele durch, um die passenden F\u00f6rderm\u00f6glichkeiten auf regionaler, nationaler und internationaler Ebene zu identifizieren.<\/li>\n\n\n\n<li><strong>Antragsstellung und Projektmanagement<\/strong>: Von der Antragsvorbereitung bis zur Umsetzung unterst\u00fctzen wir Sie dabei, \u00fcberzeugende Antr\u00e4ge zu erstellen und sicherzustellen, dass Ihre Projekte erfolgreich durchgef\u00fchrt werden.<\/li>\n\n\n\n<li><strong>Monitoring und Berichterstattung<\/strong>: Unser Team \u00fcberwacht kontinuierlich den Fortschritt Ihrer gef\u00f6rderten Projekte und sorgt daf\u00fcr, dass alle Berichterstattungsanforderungen erf\u00fcllt werden.<\/li>\n\n\n\n<li><strong>Strategische Beratung und Unterst\u00fctzung<\/strong>: Wir bieten Ihnen strategische Beratung, um langfristige Ziele zu entwickeln und Ihre Krankenhausstrukturen kontinuierlich zu verbessern.<\/li>\n<\/ol>\n\n\n\n<p>Unser Ziel ist es, Ihnen dabei zu helfen, Ihre Vision von erstklassiger Patientenversorgung zu realisieren. Kontaktieren Sie uns noch heute, um mehr \u00fcber unsere Dienstleistungen zu erfahren und herauszufinden, wie wir Sie dabei unterst\u00fctzen k\u00f6nnen, \u00f6ffentliche F\u00f6rdermittel effektiv zu nutzen.<\/p>\n","protected":false},"excerpt":{"rendered":"<p>Willkommen bei unserem Service f\u00fcr \u00f6ffentliche F\u00f6rdermittel im Gesundheitswesen f\u00fcr Krankenh\u00e4user. Als Ihr Experte f\u00fcr \u00f6ffentliche F\u00f6rdermittel im Gesundheitssektor setzen wir uns [&hellip;]<\/p>\n","protected":false},"author":1,"featured_media":0,"parent":0,"menu_order":0,"comment_status":"closed","ping_status":"closed","template":"","meta":{"footnotes":""},"class_list":["post-202","page","type-page","status-publish","hentry"],"_links":{"self":[{"href":"https:\/\/maaster.de\/index.php?rest_route=\/wp\/v2\/pages\/202","targetHints":{"allow":["GET"]}}],"collection":[{"href":"https:\/\/maaster.de\/index.php?rest_route=\/wp\/v2\/pages"}],"about":[{"href":"https:\/\/maaster.de\/index.php?rest_route=\/wp\/v2\/types\/page"}],"author":[{"embeddable":true,"href":"https:\/\/maaster.de\/index.php?rest_route=\/wp\/v2\/users\/1"}],"replies":[{"embeddable":true,"href":"https:\/\/maaster.de\/index.php?rest_route=%2Fwp%2Fv2%2Fcomments&post=202"}],"version-history":[{"count":2,"href":"https:\/\/maaster.de\/index.php?rest_route=\/wp\/v2\/pages\/202\/revisions"}],"predecessor-version":[{"id":212,"href":"https:\/\/maaster.de\/index.php?rest_route=\/wp\/v2\/pages\/202\/revisions\/212"}],"wp:attachment":[{"href":"https:\/\/maaster.de\/index.php?rest_route=%2Fwp%2Fv2%2Fmedia&parent=202"}],"curies":[{"name":"wp","href":"https:\/\/api.w.org\/{rel}","templated":true}]}}